{"id":235,"date":"2023-07-23T12:09:37","date_gmt":"2023-07-23T12:09:37","guid":{"rendered":"https:\/\/clairewigs.com\/?page_id=235"},"modified":"2023-07-23T13:27:25","modified_gmt":"2023-07-23T13:27:25","slug":"impression","status":"publish","type":"page","link":"https:\/\/clairewigs.com\/index.php\/impression\/","title":{"rendered":"Impression"},"content":{"rendered":"\n<p><\/p>\n\n\n\n<p>Claire Wigs <\/p>\n\n\n\n<p>Gesch\u00e4ftsf\u00fchrer: Mike Ola <\/p>\n\n\n\n<p>Nordstr. 42<\/p>\n\n\n\n<p>45475 M\u00fclheim Ruhr <\/p>\n\n\n\n<p>Deutschland <\/p>\n\n\n\n<p>WhatsApp:<br>Service LIVE : 0049163 63464571<\/p>\n\n\n\n<p>Telefon Kontakt <br>Kundenservice 1 : 00491636464571<br>Kundenservice 2 : info@clairewigs.com<\/p>\n\n\n\n<p>E-Mail :<br>hallo@clairewigs.com<br>info@clairewigs.com<\/p>\n\n\n\n<p>Steuernummer: DE093621784<\/p>\n\n\n\n<p>Ust-IdNr:<\/p>\n\n\n\n<p>Handelsregister: HRB 003055<\/p>\n\n\n\n<p>\u00d6ffnungszeiten Online: Mo.- So. 09:00 &#8211; 19: 00 Uhr <\/p>\n\n\n\n<p>Zur Teilnahme an einem Streitbeilegungsverfahren vor einer Verbraucherschlichtungsstelle sind wir nicht verpflichtet und nicht bereit. Die Europ\u00e4ische Kommission stellt eine Plattform zur Online-Streitbeilegung (OS) bereit.<\/p>\n\n\n\n<p><\/p>\n","protected":false},"excerpt":{"rendered":"<p>Claire Wigs Gesch\u00e4ftsf\u00fchrer: Mike Ola Nordstr. 42 45475 M\u00fclheim Ruhr Deutschland WhatsApp:Service LIVE : 0049163 63464571 Telefon Kontakt Kundenservice 1 : 00491636464571Kundenservice 2 : info@clairewigs.com E-Mail :hallo@clairewigs.cominfo@clairewigs.com Steuernummer: DE093621784 Ust-IdNr: Handelsregister: HRB 003055 \u00d6ffnungszeiten Online: Mo.- So. 09:00 &#8211; 19: 00 Uhr Zur Teilnahme an einem Streitbeilegungsverfahren vor einer Verbraucherschlichtungsstelle sind wir nicht verpflichtet und nicht bereit. Die Europ\u00e4ische Kommission stellt eine Plattform zur Online-Streitbeilegung (OS) bereit.<\/p>\n","protected":false},"author":1,"featured_media":0,"parent":0,"menu_order":0,"comment_status":"closed","ping_status":"closed","template":"","meta":{"jetpack_post_was_ever_published":false,"footnotes":""},"class_list":["post-235","page","type-page","status-publish","hentry"],"jetpack_sharing_enabled":true,"jetpack-related-posts":[],"_links":{"self":[{"href":"https:\/\/clairewigs.com\/index.php\/wp-json\/wp\/v2\/pages\/235","targetHints":{"allow":["GET"]}}],"collection":[{"href":"https:\/\/clairewigs.com\/index.php\/wp-json\/wp\/v2\/pages"}],"about":[{"href":"https:\/\/clairewigs.com\/index.php\/wp-json\/wp\/v2\/types\/page"}],"author":[{"embeddable":true,"href":"https:\/\/clairewigs.com\/index.php\/wp-json\/wp\/v2\/users\/1"}],"replies":[{"embeddable":true,"href":"https:\/\/clairewigs.com\/index.php\/wp-json\/wp\/v2\/comments?post=235"}],"version-history":[{"count":4,"href":"https:\/\/clairewigs.com\/index.php\/wp-json\/wp\/v2\/pages\/235\/revisions"}],"predecessor-version":[{"id":254,"href":"https:\/\/clairewigs.com\/index.php\/wp-json\/wp\/v2\/pages\/235\/revisions\/254"}],"wp:attachment":[{"href":"https:\/\/clairewigs.com\/index.php\/wp-json\/wp\/v2\/media?parent=235"}],"curies":[{"name":"wp","href":"https:\/\/api.w.org\/{rel}","templated":true}]}}