{"id":242,"date":"2023-07-23T12:46:56","date_gmt":"2023-07-23T12:46:56","guid":{"rendered":"https:\/\/clairewigs.com\/?page_id=242"},"modified":"2023-07-23T12:46:56","modified_gmt":"2023-07-23T12:46:56","slug":"datenschutz-bestimmungen","status":"publish","type":"page","link":"https:\/\/clairewigs.com\/index.php\/datenschutz-bestimmungen\/","title":{"rendered":"Datenschutz-Bestimmungen"},"content":{"rendered":"\n<p>ABSCHNITT 1 \u2013 WAS MACHEN WIR MIT IHREN INFORMATIONEN?<\/p>\n\n\n\n<p>Wenn Sie in unserem Shop etwas kaufen, erfassen wir im Rahmen des Kauf- und Verkaufsprozesses die von Ihnen angegebenen pers\u00f6nlichen Daten wie Ihren Namen, Ihre Adresse und Ihre E-Mail-Adresse.<br>Wenn Sie in unserem Shop st\u00f6bern, erhalten wir automatisch auch die Internet Protocol (IP)-Adresse Ihres Computers, um uns Informationen zu liefern, die uns helfen, mehr \u00fcber Ihren Browser und Ihr Betriebssystem zu erfahren.<br>E-Mail-Marketing (falls zutreffend): Mit Ihrer Erlaubnis k\u00f6nnen wir Ihnen E-Mails \u00fcber unseren Shop, neue Produkte und andere Updates senden.<\/p>\n\n\n\n<p>ABSCHNITT 2 \u2013 ZUSTIMMUNG<\/p>\n\n\n\n<p>Wie erhalten Sie meine Einwilligung?<br>Wenn Sie uns personenbezogene Daten zur Verf\u00fcgung stellen, um eine Transaktion abzuschlie\u00dfen, Ihre Kreditkarte zu \u00fcberpr\u00fcfen, eine Bestellung aufzugeben, eine Lieferung zu arrangieren oder einen Kauf zur\u00fcckzusenden, erkl\u00e4ren Sie sich damit einverstanden, dass wir diese Daten nur f\u00fcr diesen bestimmten Zweck sammeln und verwenden.<br>Wenn wir Sie aus einem sekund\u00e4ren Grund, beispielsweise zu Marketingzwecken, um Ihre personenbezogenen Daten bitten, werden wir Sie direkt um Ihre ausdr\u00fcckliche Einwilligung bitten oder Ihnen die M\u00f6glichkeit geben, Nein zu sagen.<\/p>\n\n\n\n<p>Wie kann ich meine Einwilligung widerrufen?<br>Wenn Sie nach der Registrierung Ihre Meinung \u00e4ndern, k\u00f6nnen Sie Ihre Einwilligung zur Kontaktaufnahme mit Ihnen sowie zur weiteren Erfassung, Nutzung oder Offenlegung Ihrer Daten jederzeit widerrufen, indem Sie uns unter best@baisihair.com kontaktieren oder uns eine E-Mail an folgende Adresse senden:<\/p>\n\n\n\n<p>ABSCHNITT 3 \u2013 OFFENLEGUNG<\/p>\n\n\n\n<p>Wir k\u00f6nnen Ihre personenbezogenen Daten offenlegen, wenn wir gesetzlich dazu verpflichtet sind oder Sie gegen unsere Nutzungsbedingungen versto\u00dfen.<\/p>\n\n\n\n<p>ABSCHNITT 4 \u2013 SHOPIFY<\/p>\n\n\n\n<p>Unser Shop wird auf Shopify Inc. gehostet. Sie stellen uns die Online-E-Commerce-Plattform zur Verf\u00fcgung, die es uns erm\u00f6glicht, unsere Produkte und Dienstleistungen an Sie zu verkaufen.<br>Ihre Daten werden \u00fcber den Datenspeicher, die Datenbanken und die allgemeine Shopify-Anwendung von Shopify gespeichert. Sie speichern Ihre Daten auf einem sicheren Server hinter einer Firewall.<\/p>\n\n\n\n<p>Zahlung:<br>Wenn Sie f\u00fcr den Abschluss Ihres Kaufs ein Direktzahlungs-Gateway w\u00e4hlen, speichert Shopify Ihre Kreditkartendaten. Die Verschl\u00fcsselung erfolgt \u00fcber den Payment Card Industry Data Security Standard (PCI-DSS). Ihre Kauftransaktionsdaten werden nur so lange gespeichert, wie es f\u00fcr die Abwicklung Ihrer Kauftransaktion erforderlich ist. Sobald dies abgeschlossen ist, werden Ihre Kauftransaktionsinformationen gel\u00f6scht.<br>Alle Direktzahlungs-Gateways halten sich an die von PCI-DSS festgelegten Standards, die vom PCI Security Standards Council verwaltet werden, einem gemeinsamen Projekt von Marken wie Visa, Mastercard, American Express und Discover.<br>PCI-DSS-Anforderungen tragen dazu bei, den sicheren Umgang mit Kreditkarteninformationen durch unseren Shop und seine Dienstleister zu gew\u00e4hrleisten.<br>Weitere Informationen finden Sie auch in den Nutzungsbedingungen (https:\/\/www.shopify.com\/legal\/terms) oder der Datenschutzerkl\u00e4rung (https:\/\/www.shopify.com\/legal\/privacy) von Shopify.<\/p>\n\n\n\n<p>ABSCHNITT 5 \u2013 DIENSTLEISTUNGEN DRITTER<\/p>\n\n\n\n<p>Die von uns eingesetzten Drittanbieter erheben, nutzen und geben Ihre Daten grunds\u00e4tzlich nur in dem Umfang weiter, der f\u00fcr die Erbringung der von ihnen f\u00fcr uns erbrachten Leistungen erforderlich ist.<br>Bestimmte Drittanbieter von Dienstleistungen wie Zahlungsgateways und andere Zahlungstransaktionsabwickler haben jedoch ihre eigenen Datenschutzrichtlinien bez\u00fcglich der Informationen, die wir ihnen f\u00fcr Ihre kaufbezogenen Transaktionen bereitstellen m\u00fcssen.<br>F\u00fcr diese Anbieter empfehlen wir Ihnen, deren Datenschutzrichtlinien zu lesen, um zu verstehen, wie Ihre pers\u00f6nlichen Daten von diesen Anbietern behandelt werden.<br>Denken Sie insbesondere daran, dass einige Anbieter m\u00f6glicherweise in einer anderen Gerichtsbarkeit als Sie oder wir ans\u00e4ssig sind oder \u00fcber Einrichtungen verf\u00fcgen. Wenn Sie sich also f\u00fcr eine Transaktion entscheiden, bei der die Dienste eines Drittanbieters in Anspruch genommen werden, unterliegen Ihre Daten m\u00f6glicherweise den Gesetzen der Gerichtsbarkeit, in der sich dieser Dienstleister oder seine Einrichtungen befinden.<br>Wenn Sie sich beispielsweise in Kanada befinden und Ihre Transaktion von einem Zahlungsgateway in den Vereinigten Staaten abgewickelt wird, unterliegen Ihre pers\u00f6nlichen Daten, die zum Abschluss dieser Transaktion verwendet werden, m\u00f6glicherweise der Offenlegung nach US-amerikanischem Recht, einschlie\u00dflich des Patriot Act.<br>Sobald Sie die Website unseres Shops verlassen oder zu einer Website oder Anwendung eines Drittanbieters weitergeleitet werden, unterliegen Sie nicht mehr dieser Datenschutzrichtlinie oder den Nutzungsbedingungen unserer Website.<\/p>\n\n\n\n<p>Verbindungen<br>Wenn Sie auf Links in unserem Shop klicken, werden Sie m\u00f6glicherweise von unserer Website weggeleitet. Wir sind nicht f\u00fcr die Datenschutzpraktiken anderer Websites verantwortlich und empfehlen Ihnen, deren Datenschutzerkl\u00e4rungen zu lesen.<\/p>\n\n\n\n<p>ABSCHNITT 6 \u2013 SICHERHEIT<\/p>\n\n\n\n<p>Um Ihre pers\u00f6nlichen Daten zu sch\u00fctzen, treffen wir angemessene Vorsichtsma\u00dfnahmen und befolgen branchen\u00fcbliche Best Practices, um sicherzustellen, dass sie nicht unangemessen verloren gehen, missbraucht, abgerufen, offengelegt, ver\u00e4ndert oder zerst\u00f6rt werden.<br>Wenn Sie uns Ihre Kreditkarteninformationen mitteilen, werden die Informationen mithilfe der Secure Socket Layer (SSL)-Technologie verschl\u00fcsselt und mit AES-256-Verschl\u00fcsselung gespeichert. Obwohl keine \u00dcbertragungsmethode \u00fcber das Internet oder elektronische Speicherung zu 100 % sicher ist, befolgen wir alle PCI-DSS-Anforderungen und implementieren zus\u00e4tzliche allgemein anerkannte Industriestandards.<\/p>\n\n\n\n<p>ABSCHNITT 7 \u2013 COOKIES<\/p>\n\n\n\n<p>Hier finden Sie eine Liste der von uns verwendeten Cookies. Wir haben sie hier aufgelistet, damit Sie w\u00e4hlen k\u00f6nnen, ob Sie Cookies deaktivieren m\u00f6chten oder nicht.<br>_session_id, eindeutiges Token, sitzungsbezogen, erm\u00f6glicht Shopify, Informationen \u00fcber Ihre Sitzung zu speichern (Referrer, Zielseite usw.).<br>_shopify_visit, keine Daten gespeichert, 30 Minuten lang seit dem letzten Besuch best\u00e4ndig, wird vom internen Statistik-Tracker unseres Website-Anbieters verwendet, um die Anzahl der Besuche aufzuzeichnen<br>_shopify_uniq, keine Daten gespeichert, l\u00e4uft um Mitternacht (relativ zum Besucher) des n\u00e4chsten Tages ab, z\u00e4hlt die Anzahl der Besuche eines einzelnen Kunden in einem Gesch\u00e4ft.<br>Warenkorb, einzigartiger Token, 2 Wochen lang best\u00e4ndig, speichert Informationen \u00fcber den Inhalt Ihres Warenkorbs.<br>_secure_session_id, eindeutiges Token, Storefront_digest-Sitzung, Token<br>eindeutig, unbestimmt Verf\u00fcgt der Shop \u00fcber ein Passwort, wird damit festgestellt, ob der aktuelle Besucher Zugriff hat.<\/p>\n\n\n\n<p>ABSCHNITT 8 \u2013 ALTER DER EINWILLIGUNG<\/p>\n\n\n\n<p>Durch die Nutzung dieser Website erkl\u00e4ren Sie, dass Sie in Ihrem Wohnsitzstaat oder Ihrer Wohnsitzprovinz mindestens die Vollj\u00e4hrigkeit erreicht haben oder dass Sie in Ihrem Wohnsitzstaat oder Ihrer Wohnsitzprovinz die Vollj\u00e4hrigkeit erreicht haben und dass Sie uns Ihr Einverst\u00e4ndnis gegeben haben, Ihren minderj\u00e4hrigen Angeh\u00f6rigen die Nutzung dieser Website zu gestatten.<\/p>\n\n\n\n<p>ABSCHNITT 9 \u2013 \u00c4NDERUNGEN DIESER DATENSCHUTZRICHTLINIE<\/p>\n\n\n\n<p>Wir behalten uns das Recht vor, diese Datenschutzrichtlinie jederzeit zu \u00e4ndern. Bitte \u00fcberpr\u00fcfen Sie sie daher regelm\u00e4\u00dfig. \u00c4nderungen und Klarstellungen werden sofort nach Ver\u00f6ffentlichung auf der Website wirksam. Wenn wir wesentliche \u00c4nderungen an dieser Richtlinie vornehmen, werden wir Sie hier dar\u00fcber informieren, dass sie aktualisiert wurde, damit Sie wissen, welche Informationen wir sammeln, wie wir sie verwenden und unter welchen Umst\u00e4nden wir sie gegebenenfalls verwenden und\/oder offenlegen.<br>Wenn unser Gesch\u00e4ft \u00fcbernommen oder mit einem anderen Unternehmen fusioniert wird, werden Ihre Daten m\u00f6glicherweise an die neuen Eigent\u00fcmer \u00fcbertragen, damit wir weiterhin Produkte an Sie verkaufen k\u00f6nnen.<\/p>\n\n\n\n<p>FRAGEN UND KONTAKTINFORMATIONEN<\/p>\n\n\n\n<h2 class=\"wp-block-heading\">Wenn Sie auf die von uns \u00fcber Sie gespeicherten personenbezogenen Daten zugreifen, diese korrigieren, \u00e4ndern oder l\u00f6schen m\u00f6chten, eine Beschwerde einreichen oder einfach weitere Informationen w\u00fcnschen, wenden Sie sich an unseren Datenschutzbeauftragten unter best@clairewigs.com<\/h2>\n","protected":false},"excerpt":{"rendered":"<p>ABSCHNITT 1 \u2013 WAS MACHEN WIR MIT IHREN INFORMATIONEN? Wenn Sie in unserem Shop etwas kaufen, erfassen wir im Rahmen des Kauf- und Verkaufsprozesses die von Ihnen angegebenen pers\u00f6nlichen Daten wie Ihren Namen, Ihre Adresse und Ihre E-Mail-Adresse.Wenn Sie in unserem Shop st\u00f6bern, erhalten wir automatisch auch die Internet Protocol (IP)-Adresse Ihres Computers, um uns Informationen zu liefern, die uns helfen, mehr \u00fcber Ihren Browser und Ihr Betriebssystem zu erfahren.E-Mail-Marketing (falls zutreffend): Mit Ihrer Erlaubnis k\u00f6nnen wir Ihnen E-Mails \u00fcber unseren Shop, neue Produkte und andere Updates senden. ABSCHNITT 2 \u2013 ZUSTIMMUNG Wie erhalten Sie meine Einwilligung?Wenn Sie uns personenbezogene Daten zur Verf\u00fcgung stellen, um eine Transaktion abzuschlie\u00dfen, Ihre Kreditkarte zu \u00fcberpr\u00fcfen, eine Bestellung aufzugeben, eine Lieferung zu arrangieren oder einen Kauf zur\u00fcckzusenden, erkl\u00e4ren Sie sich damit einverstanden, dass wir diese Daten nur f\u00fcr diesen bestimmten Zweck sammeln und verwenden.Wenn wir Sie aus einem sekund\u00e4ren Grund, beispielsweise zu Marketingzwecken, um Ihre personenbezogenen Daten bitten, werden wir Sie direkt um Ihre ausdr\u00fcckliche Einwilligung bitten oder Ihnen die M\u00f6glichkeit geben, Nein zu sagen. Wie kann ich meine Einwilligung widerrufen?Wenn Sie nach der Registrierung Ihre Meinung \u00e4ndern, k\u00f6nnen Sie Ihre Einwilligung zur Kontaktaufnahme mit Ihnen sowie zur weiteren Erfassung, Nutzung oder Offenlegung Ihrer Daten jederzeit widerrufen, indem Sie uns unter best@baisihair.com kontaktieren oder uns eine E-Mail an folgende Adresse senden: ABSCHNITT 3 \u2013 OFFENLEGUNG Wir k\u00f6nnen Ihre personenbezogenen Daten offenlegen, wenn wir gesetzlich dazu verpflichtet sind oder Sie gegen unsere Nutzungsbedingungen versto\u00dfen. ABSCHNITT 4 \u2013 SHOPIFY Unser Shop wird auf Shopify Inc. gehostet. Sie stellen uns die Online-E-Commerce-Plattform zur Verf\u00fcgung, die es uns erm\u00f6glicht, unsere Produkte und Dienstleistungen an Sie zu verkaufen.Ihre Daten werden \u00fcber den Datenspeicher, die Datenbanken und die allgemeine Shopify-Anwendung von Shopify gespeichert. Sie speichern Ihre Daten auf einem sicheren Server hinter einer Firewall. Zahlung:Wenn Sie f\u00fcr den Abschluss Ihres Kaufs ein Direktzahlungs-Gateway w\u00e4hlen, speichert Shopify Ihre Kreditkartendaten. Die Verschl\u00fcsselung erfolgt \u00fcber den Payment Card Industry Data Security Standard (PCI-DSS). Ihre Kauftransaktionsdaten werden nur so lange gespeichert, wie es f\u00fcr die Abwicklung Ihrer Kauftransaktion erforderlich ist. Sobald dies abgeschlossen ist, werden Ihre Kauftransaktionsinformationen gel\u00f6scht.Alle Direktzahlungs-Gateways halten sich an die von PCI-DSS festgelegten Standards, die vom PCI Security Standards Council verwaltet werden, einem gemeinsamen Projekt von Marken wie Visa, Mastercard, American Express und Discover.PCI-DSS-Anforderungen tragen dazu bei, den sicheren Umgang mit Kreditkarteninformationen durch unseren Shop und seine Dienstleister zu gew\u00e4hrleisten.Weitere Informationen finden Sie auch in den Nutzungsbedingungen (https:\/\/www.shopify.com\/legal\/terms) oder der Datenschutzerkl\u00e4rung (https:\/\/www.shopify.com\/legal\/privacy) von Shopify. ABSCHNITT 5 \u2013 DIENSTLEISTUNGEN DRITTER Die von uns eingesetzten Drittanbieter erheben, nutzen und geben Ihre Daten grunds\u00e4tzlich nur in dem Umfang weiter, der f\u00fcr die Erbringung der von ihnen f\u00fcr uns erbrachten Leistungen erforderlich ist.Bestimmte Drittanbieter von Dienstleistungen wie Zahlungsgateways und andere Zahlungstransaktionsabwickler haben jedoch ihre eigenen Datenschutzrichtlinien bez\u00fcglich der Informationen, die wir ihnen f\u00fcr Ihre kaufbezogenen Transaktionen bereitstellen m\u00fcssen.F\u00fcr diese Anbieter empfehlen wir Ihnen, deren Datenschutzrichtlinien zu lesen, um zu verstehen, wie Ihre pers\u00f6nlichen Daten von diesen Anbietern behandelt werden.Denken Sie insbesondere daran, dass einige Anbieter m\u00f6glicherweise in einer anderen Gerichtsbarkeit als Sie oder wir ans\u00e4ssig sind oder \u00fcber Einrichtungen verf\u00fcgen. Wenn Sie sich also f\u00fcr eine Transaktion entscheiden, bei der die Dienste eines Drittanbieters in Anspruch genommen werden, unterliegen Ihre Daten m\u00f6glicherweise den Gesetzen der Gerichtsbarkeit, in der sich dieser Dienstleister oder seine Einrichtungen befinden.Wenn Sie sich beispielsweise in Kanada befinden und Ihre Transaktion von einem Zahlungsgateway in den Vereinigten Staaten abgewickelt wird, unterliegen Ihre pers\u00f6nlichen Daten, die zum Abschluss dieser Transaktion verwendet werden, m\u00f6glicherweise der Offenlegung nach US-amerikanischem Recht, einschlie\u00dflich des Patriot Act.Sobald Sie die Website unseres Shops verlassen oder zu einer Website oder Anwendung eines Drittanbieters weitergeleitet werden, unterliegen Sie nicht mehr dieser Datenschutzrichtlinie oder den Nutzungsbedingungen unserer Website. VerbindungenWenn Sie auf Links in unserem Shop klicken, werden Sie m\u00f6glicherweise von unserer Website weggeleitet. Wir sind nicht f\u00fcr die Datenschutzpraktiken anderer Websites verantwortlich und empfehlen Ihnen, deren Datenschutzerkl\u00e4rungen zu lesen. ABSCHNITT 6 \u2013 SICHERHEIT Um Ihre pers\u00f6nlichen Daten zu sch\u00fctzen, treffen wir angemessene Vorsichtsma\u00dfnahmen und befolgen branchen\u00fcbliche Best Practices, um sicherzustellen, dass sie nicht unangemessen verloren gehen, missbraucht, abgerufen, offengelegt, ver\u00e4ndert oder zerst\u00f6rt werden.Wenn Sie uns Ihre Kreditkarteninformationen mitteilen, werden die Informationen mithilfe der Secure Socket Layer (SSL)-Technologie verschl\u00fcsselt und mit AES-256-Verschl\u00fcsselung gespeichert. Obwohl keine \u00dcbertragungsmethode \u00fcber das Internet oder elektronische Speicherung zu 100 % sicher ist, befolgen wir alle PCI-DSS-Anforderungen und implementieren zus\u00e4tzliche allgemein anerkannte Industriestandards. ABSCHNITT 7 \u2013 COOKIES Hier finden Sie eine Liste der von uns verwendeten Cookies. Wir haben sie hier aufgelistet, damit Sie w\u00e4hlen k\u00f6nnen, ob Sie Cookies deaktivieren m\u00f6chten oder nicht._session_id, eindeutiges Token, sitzungsbezogen, erm\u00f6glicht Shopify, Informationen \u00fcber Ihre Sitzung zu speichern (Referrer, Zielseite usw.)._shopify_visit, keine Daten gespeichert, 30 Minuten lang seit dem letzten Besuch best\u00e4ndig, wird vom internen Statistik-Tracker unseres Website-Anbieters verwendet, um die Anzahl der Besuche aufzuzeichnen_shopify_uniq, keine Daten gespeichert, l\u00e4uft um Mitternacht (relativ zum Besucher) des n\u00e4chsten Tages ab, z\u00e4hlt die Anzahl der Besuche eines einzelnen Kunden in einem Gesch\u00e4ft.Warenkorb, einzigartiger Token, 2 Wochen lang best\u00e4ndig, speichert Informationen \u00fcber den Inhalt Ihres Warenkorbs._secure_session_id, eindeutiges Token, Storefront_digest-Sitzung, Tokeneindeutig, unbestimmt Verf\u00fcgt der Shop \u00fcber ein Passwort, wird damit festgestellt, ob der aktuelle Besucher Zugriff hat. ABSCHNITT 8 \u2013 ALTER DER EINWILLIGUNG Durch die Nutzung dieser Website erkl\u00e4ren Sie, dass Sie in Ihrem Wohnsitzstaat oder Ihrer Wohnsitzprovinz mindestens die Vollj\u00e4hrigkeit erreicht haben oder dass Sie in Ihrem Wohnsitzstaat oder Ihrer Wohnsitzprovinz die Vollj\u00e4hrigkeit erreicht haben und dass Sie uns Ihr Einverst\u00e4ndnis gegeben haben, Ihren minderj\u00e4hrigen Angeh\u00f6rigen die Nutzung dieser Website zu gestatten. ABSCHNITT 9 \u2013 \u00c4NDERUNGEN DIESER DATENSCHUTZRICHTLINIE Wir behalten uns das Recht vor, diese Datenschutzrichtlinie jederzeit zu \u00e4ndern. Bitte \u00fcberpr\u00fcfen Sie sie daher regelm\u00e4\u00dfig. \u00c4nderungen und Klarstellungen werden sofort nach Ver\u00f6ffentlichung auf der Website wirksam. Wenn wir wesentliche \u00c4nderungen an dieser Richtlinie vornehmen, werden wir Sie hier dar\u00fcber informieren, dass sie aktualisiert wurde, damit Sie wissen, welche Informationen wir sammeln, wie wir sie verwenden und unter welchen Umst\u00e4nden wir sie gegebenenfalls verwenden und\/oder offenlegen.Wenn unser Gesch\u00e4ft \u00fcbernommen oder mit einem anderen Unternehmen fusioniert wird, werden Ihre Daten m\u00f6glicherweise an die neuen Eigent\u00fcmer \u00fcbertragen, damit wir weiterhin Produkte an Sie verkaufen k\u00f6nnen. FRAGEN UND KONTAKTINFORMATIONEN Wenn Sie auf die von uns \u00fcber Sie gespeicherten personenbezogenen Daten zugreifen, diese korrigieren, \u00e4ndern oder l\u00f6schen m\u00f6chten, eine Beschwerde einreichen oder einfach weitere Informationen w\u00fcnschen, wenden Sie sich an unseren Datenschutzbeauftragten unter best@clairewigs.com<\/p>\n","protected":false},"author":1,"featured_media":0,"parent":0,"menu_order":0,"comment_status":"closed","ping_status":"closed","template":"","meta":{"jetpack_post_was_ever_published":false,"footnotes":""},"class_list":["post-242","page","type-page","status-publish","hentry"],"jetpack_sharing_enabled":true,"jetpack-related-posts":[],"_links":{"self":[{"href":"https:\/\/clairewigs.com\/index.php\/wp-json\/wp\/v2\/pages\/242","targetHints":{"allow":["GET"]}}],"collection":[{"href":"https:\/\/clairewigs.com\/index.php\/wp-json\/wp\/v2\/pages"}],"about":[{"href":"https:\/\/clairewigs.com\/index.php\/wp-json\/wp\/v2\/types\/page"}],"author":[{"embeddable":true,"href":"https:\/\/clairewigs.com\/index.php\/wp-json\/wp\/v2\/users\/1"}],"replies":[{"embeddable":true,"href":"https:\/\/clairewigs.com\/index.php\/wp-json\/wp\/v2\/comments?post=242"}],"version-history":[{"count":1,"href":"https:\/\/clairewigs.com\/index.php\/wp-json\/wp\/v2\/pages\/242\/revisions"}],"predecessor-version":[{"id":243,"href":"https:\/\/clairewigs.com\/index.php\/wp-json\/wp\/v2\/pages\/242\/revisions\/243"}],"wp:attachment":[{"href":"https:\/\/clairewigs.com\/index.php\/wp-json\/wp\/v2\/media?parent=242"}],"curies":[{"name":"wp","href":"https:\/\/api.w.org\/{rel}","templated":true}]}}