{"id":1363,"date":"2025-07-29T04:40:32","date_gmt":"2025-07-29T04:40:32","guid":{"rendered":"https:\/\/clairewigs.com\/?post_type=product&#038;p=1363"},"modified":"2025-08-02T11:41:53","modified_gmt":"2025-08-02T11:41:53","slug":"prominent-glamour","status":"publish","type":"product","link":"https:\/\/clairewigs.com\/index.php\/produkt\/prominent-glamour\/","title":{"rendered":"Prominent Glamour"},"content":{"rendered":"","protected":false},"excerpt":{"rendered":"<div class=\"woocommerce-product-details__short-description\">\n<p><em>Luxuri\u00f6se Front Lace Per\u00fccke<\/em><br \/>\n<em>\u2013 100% europ\u00e4isches Echthaar<br \/>\n<\/em><em>\u2013 Flexibler Scheitelbereich\u00a0<\/em><\/p>\n<p><em>\u2013 L\u00e4nge: ca. 69 cm<\/em><br \/>\n<em>\u2013 Volumen: 180 %<\/em><br \/>\n<em>\u2013 Farbe : Buttercup Ombree Balayage<\/em><br \/>\n<em>\u2013 Kopf-Umfang: Standard<\/em><br \/>\n<em>\u2013 Montur : Monofilament in transparentem Front Lace<\/em><\/p>\n<p><em>\u2013 Die knoten wurden bereits gebleicht, somit unsichtbar.\u00a0<\/em><\/p>\n<p><em>Es besteht die M\u00f6glichkeit, andere Farbe, Gr\u00f6\u00dfe und L\u00e4nge in diesem Model zu bestellen. Kontaktieren Sie uns daf\u00fcr unter <a href=\"https:\/\/wa.me\/p\/24073802728885750\/491636464571\">https:\/\/wa.me\/p\/24073802728885750\/491636464571<\/a>oder per Mail an info@clairewigs.com<\/em><br \/>\n<em>\u2026\u2026\u2026..<\/em><br \/>\n<em>\u2022 Sie k\u00f6nnen sich die Per\u00fccke, in M\u00fclheim Ruhr vor Ort anschauen und probieren.<\/em><\/p>\n<\/div>\n<form class=\"cart\" action=\"https:\/\/clairewigs.com\/index.php\/produkt\/claires-secret\/\" enctype=\"multipart\/form-data\" method=\"post\">\n<div class=\"quantity\"><label class=\"screen-reader-text\" for=\"quantity_68874f4615a0f\">Claire\u2019s Secret Menge<\/label><\/div>\n<\/form>\n","protected":false},"featured_media":1367,"comment_status":"open","ping_status":"closed","template":"","meta":{"jetpack_post_was_ever_published":false},"product_brand":[],"product_cat":[132],"product_tag":[],"class_list":{"0":"post-1363","1":"product","2":"type-product","3":"status-publish","4":"has-post-thumbnail","6":"product_cat-europaeische-haare","7":"product_shipping_class-helle-peruecke","9":"first","10":"instock","11":"sale","12":"shipping-taxable","13":"purchasable","14":"product-type-simple"},"jetpack_sharing_enabled":true,"jetpack-related-posts":[],"_links":{"self":[{"href":"https:\/\/clairewigs.com\/index.php\/wp-json\/wp\/v2\/product\/1363","targetHints":{"allow":["GET"]}}],"collection":[{"href":"https:\/\/clairewigs.com\/index.php\/wp-json\/wp\/v2\/product"}],"about":[{"href":"https:\/\/clairewigs.com\/index.php\/wp-json\/wp\/v2\/types\/product"}],"replies":[{"embeddable":true,"href":"https:\/\/clairewigs.com\/index.php\/wp-json\/wp\/v2\/comments?post=1363"}],"version-history":[{"count":1,"href":"https:\/\/clairewigs.com\/index.php\/wp-json\/wp\/v2\/product\/1363\/revisions"}],"predecessor-version":[{"id":1372,"href":"https:\/\/clairewigs.com\/index.php\/wp-json\/wp\/v2\/product\/1363\/revisions\/1372"}],"wp:featuredmedia":[{"embeddable":true,"href":"https:\/\/clairewigs.com\/index.php\/wp-json\/wp\/v2\/media\/1367"}],"wp:attachment":[{"href":"https:\/\/clairewigs.com\/index.php\/wp-json\/wp\/v2\/media?parent=1363"}],"wp:term":[{"taxonomy":"product_brand","embeddable":true,"href":"https:\/\/clairewigs.com\/index.php\/wp-json\/wp\/v2\/product_brand?post=1363"},{"taxonomy":"product_cat","embeddable":true,"href":"https:\/\/clairewigs.com\/index.php\/wp-json\/wp\/v2\/product_cat?post=1363"},{"taxonomy":"product_tag","embeddable":true,"href":"https:\/\/clairewigs.com\/index.php\/wp-json\/wp\/v2\/product_tag?post=1363"}],"curies":[{"name":"wp","href":"https:\/\/api.w.org\/{rel}","templated":true}]}}