{"id":1979,"date":"2026-04-08T15:05:57","date_gmt":"2026-04-08T15:05:57","guid":{"rendered":"https:\/\/clairewigs.com\/?post_type=product&#038;p=1979"},"modified":"2026-04-08T15:19:29","modified_gmt":"2026-04-08T15:19:29","slug":"remy-gerke","status":"publish","type":"product","link":"https:\/\/clairewigs.com\/index.php\/produkt\/remy-gerke\/","title":{"rendered":"Remy Gerke"},"content":{"rendered":"","protected":false},"excerpt":{"rendered":"<p>Sch\u00f6ne Front Lace Per\u00fccke mit flexiblem Scheitelbereich<br \/>\n\u2013 Remyhaar &#8211; Mischhaar<br \/>\n\u2013 L\u00e4nge: ca. 56 cm<br \/>\n\u2013 Volumen: 150%<br \/>\n\u2013 Farbe: Graublond Balayage &amp; Str\u00e4hne<\/p>\n<p>\u2013 Hitzebest\u00e4ndig (unbegrenzt)<br \/>\n\u2013 Kopf-Umfang: standard<br \/>\n\u2013 Montur : Mono Lace<br \/>\nEs besteht die M\u00f6glichkeit, andere Farbe, Gr\u00f6\u00dfe und L\u00e4nge in diesem Model zu bestellen. Kontaktieren Sie uns daf\u00fcr unter <a href=\"https:\/\/wa.me\/p\/24073802728885750\/491636464571\">https:\/\/wa.me\/p\/24073802728885750\/491636464571<\/a>oder per Mail an info@clairewigs.com<\/p>\n","protected":false},"featured_media":1983,"comment_status":"open","ping_status":"closed","template":"","meta":{"jetpack_post_was_ever_published":false},"product_brand":[175],"product_cat":[190],"product_tag":[143,104,32,48,58,153,148,193],"class_list":{"0":"post-1979","1":"product","2":"type-product","3":"status-publish","4":"has-post-thumbnail","6":"product_brand-claire-wigs","7":"product_cat-remy-peruecken","8":"product_tag-aschblond","9":"product_tag-balayage","10":"product_tag-echthaar","11":"product_tag-lace-wigs","12":"product_tag-lang","13":"product_tag-mono","14":"product_tag-silber","15":"product_tag-wellen","16":"product_shipping_class-helle-peruecke","18":"first","19":"instock","20":"shipping-taxable","21":"purchasable","22":"product-type-simple"},"jetpack_sharing_enabled":true,"jetpack-related-posts":[],"_links":{"self":[{"href":"https:\/\/clairewigs.com\/index.php\/wp-json\/wp\/v2\/product\/1979","targetHints":{"allow":["GET"]}}],"collection":[{"href":"https:\/\/clairewigs.com\/index.php\/wp-json\/wp\/v2\/product"}],"about":[{"href":"https:\/\/clairewigs.com\/index.php\/wp-json\/wp\/v2\/types\/product"}],"replies":[{"embeddable":true,"href":"https:\/\/clairewigs.com\/index.php\/wp-json\/wp\/v2\/comments?post=1979"}],"version-history":[{"count":1,"href":"https:\/\/clairewigs.com\/index.php\/wp-json\/wp\/v2\/product\/1979\/revisions"}],"predecessor-version":[{"id":1984,"href":"https:\/\/clairewigs.com\/index.php\/wp-json\/wp\/v2\/product\/1979\/revisions\/1984"}],"wp:featuredmedia":[{"embeddable":true,"href":"https:\/\/clairewigs.com\/index.php\/wp-json\/wp\/v2\/media\/1983"}],"wp:attachment":[{"href":"https:\/\/clairewigs.com\/index.php\/wp-json\/wp\/v2\/media?parent=1979"}],"wp:term":[{"taxonomy":"product_brand","embeddable":true,"href":"https:\/\/clairewigs.com\/index.php\/wp-json\/wp\/v2\/product_brand?post=1979"},{"taxonomy":"product_cat","embeddable":true,"href":"https:\/\/clairewigs.com\/index.php\/wp-json\/wp\/v2\/product_cat?post=1979"},{"taxonomy":"product_tag","embeddable":true,"href":"https:\/\/clairewigs.com\/index.php\/wp-json\/wp\/v2\/product_tag?post=1979"}],"curies":[{"name":"wp","href":"https:\/\/api.w.org\/{rel}","templated":true}]}}